{"id":4622,"date":"2021-03-03T20:24:24","date_gmt":"2021-03-03T20:24:24","guid":{"rendered":"https:\/\/www.thenewdrive.be\/waarom-wij\/"},"modified":"2025-09-17T11:15:29","modified_gmt":"2025-09-17T10:15:29","slug":"waarom-wij","status":"publish","type":"page","link":"https:\/\/www.thenewdrive.be\/fr\/waarom-wij\/","title":{"rendered":"Pourquoi nous?"},"content":{"rendered":"\n<p>L&rsquo;accessibilit\u00e9 physique, la mobilit\u00e9 verte et la transition \u00e9nerg\u00e9tique sont des enjeux radicaux pour les pouvoirs publics, les entreprises et les organisations de r\u00e9seau. Voici 3 raisons pour lesquelles ils nous laissent les aider.<\/p>\n\n\n\n<!--more-->\n\n\n\n<div class=\"wp-block-media-text alignwide has-media-on-the-right is-stacked-on-mobile\" style=\"grid-template-columns:auto 29%\"><div class=\"wp-block-media-text__content\">\n<h2 class=\"wp-block-heading\">Expertise de premier plan<\/h2>\n\n\n\n<p>L&rsquo;accessibilit\u00e9 physique, la mobilit\u00e9 verte et la transition \u00e9nerg\u00e9tique sont des <strong>concepts relativement nouveaux et en pleine transition<\/strong>. En tant que pouvoir public, entreprise ou organisation de r\u00e9seau, vous recherchez une expertise pour vous frayer un chemin dans ce monde en mutation rapide. Cela tombe bien, nous sommes favorables \u00e0:<\/p>\n\n\n\n<div class=\"wp-block-columns is-layout-flex wp-container-core-columns-is-layout-9d6595d7 wp-block-columns-is-layout-flex\">\n<div class=\"wp-block-column is-layout-flow wp-block-column-is-layout-flow\" style=\"flex-basis:100%\"><ul style=\"padding-left: 1.1em; text-align: left; --ub-list-item-icon-top: 3px;; --ub-list-item-icon-size: 0.9em; --ub-list-item-background-image: url('data:image\/svg+xml;utf8,&lt;svg xmlns=&quot;http:\/\/www.w3.org\/2000\/svg&quot; viewBox=&quot;0 0 320 512&quot;&gt;&lt;path fill=&quot;%2300A9D3&quot; d=&quot;M310.6 233.4c12.5 12.5 12.5 32.8 0 45.3l-192 192c-12.5 12.5-32.8 12.5-45.3 0s-12.5-32.8 0-45.3L242.7 256 73.4 86.6c-12.5-12.5-12.5-32.8 0-45.3s32.8-12.5 45.3 0l192 192z&quot;&gt;&lt;\/path&gt;&lt;\/svg&gt;'); --ub-list-item-fa-li-top: 3px; --ub-list-item-spacing: 0px; \" class=\"wp-block-ub-styled-list ub_styled_list\" id=\"ub_styled_list-c477d1dc-ac43-43f3-a665-5c47c2969957\"><div class=\"ub-block-list__layout\" style=\"text-align: left; column-count: 1; --ub-list-mobile-column-count: 1; \">\n<li class=\"ub_styled_list_item\" style=\"--ub-list-item-icon-top: 3px; --ub-list-item-icon-size: 0.9em; --ub-list-item-background-image: url('data:image\/svg+xml;utf8,&lt;svg xmlns=&quot;http:\/\/www.w3.org\/2000\/svg&quot; viewBox=&quot;0 0 512 512&quot;&gt;&lt;path fill=&quot;%23000000&quot; d=&quot;M470.6 105.4c12.5 12.5 12.5 32.8 0 45.3l-256 256c-12.5 12.5-32.8 12.5-45.3 0l-128-128c-12.5-12.5-12.5-32.8 0-45.3s32.8-12.5 45.3 0L192 338.7 425.4 105.4c12.5-12.5 32.8-12.5 45.3 0z&quot;&gt;&lt;\/path&gt;&lt;\/svg&gt;'); \" id=\"ub-styled-list-item-2f8f03b8-29bf-4abf-b5c9-e7ed863637d8\">\n\t\t\t<div class=\"ub_list_item_content\">\n\t\t\t\t<span class=\"ub_list_item_icon\">\n\t\t\t\t\t<svg width=\"0.9em\" height=\"0.9em\" xmlns=\"http:\/\/www.w3.org\/2000\/svg\" viewbox=\"0 0 512 512\"><path fill=\"#000000\" d=\"M470.6 105.4c12.5 12.5 12.5 32.8 0 45.3l-256 256c-12.5 12.5-32.8 12.5-45.3 0l-128-128c-12.5-12.5-12.5-32.8 0-45.3s32.8-12.5 45.3 0L192 338.7 425.4 105.4c12.5-12.5 32.8-12.5 45.3 0z\"><\/path><\/svg>\n\t\t\t\t<\/span>\n\t\t\t\t<span class=\"ub_list_item_text\"><strong><strong>Des conseils de premier plan<\/strong>. <\/strong>En Belgique, nous sommes impliqu\u00e9s dans la mobilit\u00e9 \u00e9lectrique, la mobilit\u00e9 partag\u00e9e et les r\u00e9gions de transport depuis le tout d\u00e9but. Nous connaissons les d\u00e9fis et les solutions d&rsquo;aujourd&rsquo;hui et de demain, les acteurs et les parties prenantes, les mod\u00e8les \u00e9conomiques, etc. Nous les traduisons dans votre contexte et utilisons notre exp\u00e9rience pratique pour d\u00e9montrer ce qui fonctionne pour vous.<\/span>\n\t\t\t<\/div>\n\t\t\t\n\t\t<\/li>\n\n<li class=\"ub_styled_list_item\" style=\"--ub-list-item-icon-top: 3px; --ub-list-item-icon-size: 0.9em; --ub-list-item-background-image: url('data:image\/svg+xml;utf8,&lt;svg xmlns=&quot;http:\/\/www.w3.org\/2000\/svg&quot; viewBox=&quot;0 0 512 512&quot;&gt;&lt;path fill=&quot;%23000000&quot; d=&quot;M470.6 105.4c12.5 12.5 12.5 32.8 0 45.3l-256 256c-12.5 12.5-32.8 12.5-45.3 0l-128-128c-12.5-12.5-12.5-32.8 0-45.3s32.8-12.5 45.3 0L192 338.7 425.4 105.4c12.5-12.5 32.8-12.5 45.3 0z&quot;&gt;&lt;\/path&gt;&lt;\/svg&gt;'); \" id=\"ub-styled-list-item-26158c5d-1245-45e7-80a2-8807f8f2e572\">\n\t\t\t<div class=\"ub_list_item_content\">\n\t\t\t\t<span class=\"ub_list_item_icon\">\n\t\t\t\t\t<svg width=\"0.9em\" height=\"0.9em\" xmlns=\"http:\/\/www.w3.org\/2000\/svg\" viewbox=\"0 0 512 512\"><path fill=\"#000000\" d=\"M470.6 105.4c12.5 12.5 12.5 32.8 0 45.3l-256 256c-12.5 12.5-32.8 12.5-45.3 0l-128-128c-12.5-12.5-12.5-32.8 0-45.3s32.8-12.5 45.3 0L192 338.7 425.4 105.4c12.5-12.5 32.8-12.5 45.3 0z\"><\/path><\/svg>\n\t\t\t\t<\/span>\n\t\t\t\t<span class=\"ub_list_item_text\"><strong><strong>Une formation pratique<\/strong>. <\/strong>Nos collaborateurs ne s&rsquo;enferment pas dans des conseils th\u00e9oriques et des rapports abstraits, mais travaillent avec vous pour trouver des solutions. Notre objectif? Rendre la Belgique plus propre avec vous.<\/span>\n\t\t\t<\/div>\n\t\t\t\n\t\t<\/li>\n\n<li class=\"ub_styled_list_item\" style=\"--ub-list-item-icon-top: 3px; --ub-list-item-icon-size: 0.9em; --ub-list-item-background-image: url('data:image\/svg+xml;utf8,&lt;svg xmlns=&quot;http:\/\/www.w3.org\/2000\/svg&quot; viewBox=&quot;0 0 512 512&quot;&gt;&lt;path fill=&quot;%23000000&quot; d=&quot;M470.6 105.4c12.5 12.5 12.5 32.8 0 45.3l-256 256c-12.5 12.5-32.8 12.5-45.3 0l-128-128c-12.5-12.5-12.5-32.8 0-45.3s32.8-12.5 45.3 0L192 338.7 425.4 105.4c12.5-12.5 32.8-12.5 45.3 0z&quot;&gt;&lt;\/path&gt;&lt;\/svg&gt;'); \" id=\"ub-styled-list-item-7a42b783-fb57-435d-b8f3-d8292ed29aae\">\n\t\t\t<div class=\"ub_list_item_content\">\n\t\t\t\t<span class=\"ub_list_item_icon\">\n\t\t\t\t\t<svg width=\"0.9em\" height=\"0.9em\" xmlns=\"http:\/\/www.w3.org\/2000\/svg\" viewbox=\"0 0 512 512\"><path fill=\"#000000\" d=\"M470.6 105.4c12.5 12.5 12.5 32.8 0 45.3l-256 256c-12.5 12.5-32.8 12.5-45.3 0l-128-128c-12.5-12.5-12.5-32.8 0-45.3s32.8-12.5 45.3 0L192 338.7 425.4 105.4c12.5-12.5 32.8-12.5 45.3 0z\"><\/path><\/svg>\n\t\t\t\t<\/span>\n\t\t\t\t<span class=\"ub_list_item_text\">Pas de th\u00e9orie, mais des <strong>meilleures pratiques<\/strong>. En collaboration avec notre soci\u00e9t\u00e9 s\u0153ur n\u00e9erlandaise APPM, avec des implantations en Allemagne et aux \u00c9tats-Unis, nous garantissons une pollinisation crois\u00e9e et des perspectives internationales qui vous aideront \u00e0 progresser.<\/span>\n\t\t\t<\/div>\n\t\t\t\n\t\t<\/li>\n\n<li class=\"ub_styled_list_item\" style=\"--ub-list-item-icon-top: 3px; --ub-list-item-icon-size: 0.9em; --ub-list-item-background-image: url('data:image\/svg+xml;utf8,&lt;svg xmlns=&quot;http:\/\/www.w3.org\/2000\/svg&quot; viewBox=&quot;0 0 512 512&quot;&gt;&lt;path fill=&quot;%23000000&quot; d=&quot;M470.6 105.4c12.5 12.5 12.5 32.8 0 45.3l-256 256c-12.5 12.5-32.8 12.5-45.3 0l-128-128c-12.5-12.5-12.5-32.8 0-45.3s32.8-12.5 45.3 0L192 338.7 425.4 105.4c12.5-12.5 32.8-12.5 45.3 0z&quot;&gt;&lt;\/path&gt;&lt;\/svg&gt;'); \" id=\"ub-styled-list-item-2d560314-49a9-4d6c-91bf-0259849bbea9\">\n\t\t\t<div class=\"ub_list_item_content\">\n\t\t\t\t<span class=\"ub_list_item_icon\">\n\t\t\t\t\t<svg width=\"0.9em\" height=\"0.9em\" xmlns=\"http:\/\/www.w3.org\/2000\/svg\" viewbox=\"0 0 512 512\"><path fill=\"#000000\" d=\"M470.6 105.4c12.5 12.5 12.5 32.8 0 45.3l-256 256c-12.5 12.5-32.8 12.5-45.3 0l-128-128c-12.5-12.5-12.5-32.8 0-45.3s32.8-12.5 45.3 0L192 338.7 425.4 105.4c12.5-12.5 32.8-12.5 45.3 0z\"><\/path><\/svg>\n\t\t\t\t<\/span>\n\t\t\t\t<span class=\"ub_list_item_text\">TCO, co\u00fbts de mobilit\u00e9 pour les entreprises, v\u00e9los partag\u00e9s, stationnement v\u00e9lo: nous sommes heureux de mettre nos connaissances et notre exp\u00e9rience au service de toutes sortes <strong>d&rsquo;outils et de mod\u00e8les<\/strong>.<\/span>\n\t\t\t<\/div>\n\t\t\t\n\t\t<\/li>\n<\/div><\/ul><\/div>\n<\/div>\n<\/div><figure class=\"wp-block-media-text__media\"><img decoding=\"async\" src=\"https:\/\/www.thenewdrive.be\/wp-content\/uploads\/2021\/06\/andrei-toader-s4ejugEsnWo-unsplash-1024x946.jpg\" alt=\"\" class=\"wp-image-4412 size-full wpsmartcrop-image\" data-smartcrop-focus=\"[47,69]\" \/><\/figure><\/div>\n\n\n\n<div class=\"wp-block-media-text alignwide is-stacked-on-mobile\" style=\"grid-template-columns:27% auto\"><figure class=\"wp-block-media-text__media\"><img loading=\"lazy\" decoding=\"async\" width=\"960\" height=\"1024\" src=\"https:\/\/www.thenewdrive.be\/wp-content\/uploads\/2021\/06\/christian-lue-QRq4-lDT1kc-unsplash-960x1024.jpg\" alt=\"\" class=\"wp-image-4405 size-full\" srcset=\"https:\/\/www.thenewdrive.be\/wp-content\/uploads\/2021\/06\/christian-lue-QRq4-lDT1kc-unsplash-960x1024.jpg 960w, https:\/\/www.thenewdrive.be\/wp-content\/uploads\/2021\/06\/christian-lue-QRq4-lDT1kc-unsplash-281x300.jpg 281w, https:\/\/www.thenewdrive.be\/wp-content\/uploads\/2021\/06\/christian-lue-QRq4-lDT1kc-unsplash-768x819.jpg 768w, https:\/\/www.thenewdrive.be\/wp-content\/uploads\/2021\/06\/christian-lue-QRq4-lDT1kc-unsplash-1440x1536.jpg 1440w, https:\/\/www.thenewdrive.be\/wp-content\/uploads\/2021\/06\/christian-lue-QRq4-lDT1kc-unsplash-1921x2048.jpg 1921w\" sizes=\"auto, (max-width: 960px) 100vw, 960px\" \/><\/figure><div class=\"wp-block-media-text__content\">\n<h2 class=\"wp-block-heading\">Ind\u00e9pendance totale<\/h2>\n\n\n\n<p>Pas d&rsquo;a priori: vous voulez <strong>conna\u00eetre toutes les possibilit\u00e9s<\/strong> et <strong>d\u00e9cider ensuite par vous-m\u00eame<\/strong> quelle est la meilleure solution. Cela tombe bien, nous sommes totalement ind\u00e9pendants et donc jamais li\u00e9s \u00e0 un fournisseur X ou \u00e0 une solution Y.<\/p>\n\n\n\n<p>Sur la base de votre contexte, <strong>nous \u00e9laborons ensemble des crit\u00e8res<\/strong>, puis nous concevons votre cahier des charges si vous le souhaitez. Ainsi, vous choisissez par vous-m\u00eame, maintenant et &#8211; sous r\u00e9serve d&rsquo;une r\u00e9vision &#8211; dans le futur.<\/p>\n\n\n\n<p><em><em>Un exemple? Dans le cadre d&rsquo;un contrat, une entreprise devait installer 5000 bornes de recharge. Il y en avait d\u00e9j\u00e0 2000 install\u00e9es, mais elles \u00e9taient trop peu utilis\u00e9es: la rentabilit\u00e9 du projet \u00e9tait donc menac\u00e9e. L&rsquo;entreprise nous a demand\u00e9 de l&rsquo;aider \u00e0 r\u00e9fl\u00e9chir \u00e0 de meilleurs crit\u00e8res de positionnement pour assurer la rentabilit\u00e9.<\/em><\/em><\/p>\n<\/div><\/div>\n\n\n\n<div class=\"wp-block-media-text alignwide has-media-on-the-right is-stacked-on-mobile\" style=\"grid-template-columns:auto 25%\"><div class=\"wp-block-media-text__content\">\n<h2 class=\"wp-block-heading\">Partenariat \u00e0 long terme<\/h2>\n\n\n\n<p>Sur la voie de l&rsquo;accessibilit\u00e9 physique, de la mobilit\u00e9 verte et de la transition \u00e9nerg\u00e9tique, vous vous heurtez \u00e0 un <strong>\u00e9cosyst\u00e8me avec de nouvelles solutions, de nouveaux partenaires, etc.<\/strong> Votre organisation manque souvent de connaissances pour pouvoir faire face \u00e0 ces nouveaux d\u00e9fis. Les partenaires ad hoc ne sont pas non plus d&rsquo;un grand secours, car ils ne connaissent pas suffisamment bien votre contexte et vos besoins et n&rsquo;ont pas de vision d&rsquo;ensemble.<\/p>\n\n\n\n<p>Ce dont vous avez besoin, c&rsquo;est d&rsquo;un partenaire.&nbsp; Quelqu&rsquo;un qui conna\u00eet parfaitement votre contexte, vos objectifs et vos besoins, qui <strong>r\u00e9fl\u00e9chit de mani\u00e8re proactive avec vous<\/strong> \u00e0 la direction que vous voulez prendre et qui <strong>prend des mesures avec vous<\/strong> pour atteindre ces objectifs. C&rsquo;est pour cela qu&rsquo;on s&rsquo;engage.<\/p>\n<\/div><figure class=\"wp-block-media-text__media\"><img loading=\"lazy\" decoding=\"async\" width=\"926\" height=\"1024\" src=\"https:\/\/www.thenewdrive.be\/wp-content\/uploads\/2021\/06\/the-blowup-HeWrUlV5JSo-unsplash-1-926x1024.jpg\" alt=\"\" class=\"wp-image-4402 size-full\" srcset=\"https:\/\/www.thenewdrive.be\/wp-content\/uploads\/2021\/06\/the-blowup-HeWrUlV5JSo-unsplash-1-926x1024.jpg 926w, https:\/\/www.thenewdrive.be\/wp-content\/uploads\/2021\/06\/the-blowup-HeWrUlV5JSo-unsplash-1-271x300.jpg 271w, https:\/\/www.thenewdrive.be\/wp-content\/uploads\/2021\/06\/the-blowup-HeWrUlV5JSo-unsplash-1-768x849.jpg 768w, https:\/\/www.thenewdrive.be\/wp-content\/uploads\/2021\/06\/the-blowup-HeWrUlV5JSo-unsplash-1-1389x1536.jpg 1389w, https:\/\/www.thenewdrive.be\/wp-content\/uploads\/2021\/06\/the-blowup-HeWrUlV5JSo-unsplash-1-1852x2048.jpg 1852w\" sizes=\"auto, (max-width: 926px) 100vw, 926px\" \/><\/figure><\/div>\n\n\n\n<div class=\"wp-block-group has-gray-100-background-color has-background\"><div class=\"wp-block-group__inner-container is-layout-flow wp-block-group-is-layout-flow\">\n<h2 class=\"wp-block-heading\">Pensez-vous que cela soit important aussi?<\/h2>\n\n\n\n<p>Alors nous sommes peut-\u00eatre un bon partenaire pour relever vos d\u00e9fis. D\u00e9couvrez notre offre pour les pouvoirs publics, les entreprises et les organisations de r\u00e9seau, ou contactez-nous pour un entretien sans engagement. Nous r\u00e9fl\u00e9chissons volontiers avec vous!<\/p>\n<\/div><\/div>\n","protected":false},"excerpt":{"rendered":"","protected":false},"author":1,"featured_media":22520,"parent":0,"menu_order":42,"comment_status":"closed","ping_status":"closed","template":"","meta":{"_exactmetrics_skip_tracking":false,"_exactmetrics_sitenote_active":false,"_exactmetrics_sitenote_note":"","_exactmetrics_sitenote_category":0,"footnotes":""},"class_list":["post-4622","page","type-page","status-publish","has-post-thumbnail","hentry"],"featured_image_src":"https:\/\/www.thenewdrive.be\/wp-content\/uploads\/2025\/09\/robin-van-holst-xRWkTZFoSiE-unsplash-scaled.jpg","yoast_head":"<!-- This site is optimized with the Yoast SEO plugin v27.3 - https:\/\/yoast.com\/product\/yoast-seo-wordpress\/ -->\n<title>Pourquoi nous? - The New Drive<\/title>\n<meta name=\"robots\" content=\"index, follow, max-snippet:-1, max-image-preview:large, max-video-preview:-1\" \/>\n<link rel=\"canonical\" href=\"https:\/\/www.thenewdrive.be\/fr\/waarom-wij\/\" \/>\n<meta property=\"og:locale\" content=\"fr_FR\" \/>\n<meta property=\"og:type\" content=\"article\" \/>\n<meta property=\"og:title\" content=\"Pourquoi nous? - The New Drive\" \/>\n<meta property=\"og:url\" content=\"https:\/\/www.thenewdrive.be\/fr\/waarom-wij\/\" \/>\n<meta property=\"og:site_name\" content=\"The New Drive\" \/>\n<meta property=\"article:modified_time\" content=\"2025-09-17T10:15:29+00:00\" \/>\n<meta property=\"og:image\" content=\"https:\/\/www.thenewdrive.be\/wp-content\/uploads\/2025\/09\/robin-van-holst-xRWkTZFoSiE-unsplash-scaled.jpg\" \/>\n\t<meta property=\"og:image:width\" content=\"2560\" \/>\n\t<meta property=\"og:image:height\" content=\"1699\" \/>\n\t<meta property=\"og:image:type\" content=\"image\/jpeg\" \/>\n<meta name=\"twitter:card\" content=\"summary_large_image\" \/>\n<meta name=\"twitter:label1\" content=\"Est. reading time\" \/>\n\t<meta name=\"twitter:data1\" content=\"3 minutes\" \/>\n<script type=\"application\/ld+json\" class=\"yoast-schema-graph\">{\"@context\":\"https:\\\/\\\/schema.org\",\"@graph\":[{\"@type\":\"WebPage\",\"@id\":\"https:\\\/\\\/www.thenewdrive.be\\\/fr\\\/waarom-wij\\\/\",\"url\":\"https:\\\/\\\/www.thenewdrive.be\\\/fr\\\/waarom-wij\\\/\",\"name\":\"Pourquoi nous? - The New Drive\",\"isPartOf\":{\"@id\":\"https:\\\/\\\/www.thenewdrive.be\\\/fr\\\/#website\"},\"primaryImageOfPage\":{\"@id\":\"https:\\\/\\\/www.thenewdrive.be\\\/fr\\\/waarom-wij\\\/#primaryimage\"},\"image\":{\"@id\":\"https:\\\/\\\/www.thenewdrive.be\\\/fr\\\/waarom-wij\\\/#primaryimage\"},\"thumbnailUrl\":\"https:\\\/\\\/www.thenewdrive.be\\\/wp-content\\\/uploads\\\/2025\\\/09\\\/robin-van-holst-xRWkTZFoSiE-unsplash-scaled.jpg\",\"datePublished\":\"2021-03-03T20:24:24+00:00\",\"dateModified\":\"2025-09-17T10:15:29+00:00\",\"breadcrumb\":{\"@id\":\"https:\\\/\\\/www.thenewdrive.be\\\/fr\\\/waarom-wij\\\/#breadcrumb\"},\"inLanguage\":\"fr-FR\",\"potentialAction\":[{\"@type\":\"ReadAction\",\"target\":[\"https:\\\/\\\/www.thenewdrive.be\\\/fr\\\/waarom-wij\\\/\"]}]},{\"@type\":\"ImageObject\",\"inLanguage\":\"fr-FR\",\"@id\":\"https:\\\/\\\/www.thenewdrive.be\\\/fr\\\/waarom-wij\\\/#primaryimage\",\"url\":\"https:\\\/\\\/www.thenewdrive.be\\\/wp-content\\\/uploads\\\/2025\\\/09\\\/robin-van-holst-xRWkTZFoSiE-unsplash-scaled.jpg\",\"contentUrl\":\"https:\\\/\\\/www.thenewdrive.be\\\/wp-content\\\/uploads\\\/2025\\\/09\\\/robin-van-holst-xRWkTZFoSiE-unsplash-scaled.jpg\",\"width\":2560,\"height\":1699},{\"@type\":\"BreadcrumbList\",\"@id\":\"https:\\\/\\\/www.thenewdrive.be\\\/fr\\\/waarom-wij\\\/#breadcrumb\",\"itemListElement\":[{\"@type\":\"ListItem\",\"position\":1,\"name\":\"Page d'accueil\",\"item\":\"https:\\\/\\\/www.thenewdrive.be\\\/fr\\\/\"},{\"@type\":\"ListItem\",\"position\":2,\"name\":\"Pourquoi nous?\"}]},{\"@type\":\"WebSite\",\"@id\":\"https:\\\/\\\/www.thenewdrive.be\\\/fr\\\/#website\",\"url\":\"https:\\\/\\\/www.thenewdrive.be\\\/fr\\\/\",\"name\":\"The New Drive\",\"description\":\"Samen Belgi\u00eb schoner maken\",\"potentialAction\":[{\"@type\":\"SearchAction\",\"target\":{\"@type\":\"EntryPoint\",\"urlTemplate\":\"https:\\\/\\\/www.thenewdrive.be\\\/fr\\\/?s={search_term_string}\"},\"query-input\":{\"@type\":\"PropertyValueSpecification\",\"valueRequired\":true,\"valueName\":\"search_term_string\"}}],\"inLanguage\":\"fr-FR\"}]}<\/script>\n<!-- \/ Yoast SEO plugin. -->","yoast_head_json":{"title":"Pourquoi nous? - The New Drive","robots":{"index":"index","follow":"follow","max-snippet":"max-snippet:-1","max-image-preview":"max-image-preview:large","max-video-preview":"max-video-preview:-1"},"canonical":"https:\/\/www.thenewdrive.be\/fr\/waarom-wij\/","og_locale":"fr_FR","og_type":"article","og_title":"Pourquoi nous? - The New Drive","og_url":"https:\/\/www.thenewdrive.be\/fr\/waarom-wij\/","og_site_name":"The New Drive","article_modified_time":"2025-09-17T10:15:29+00:00","og_image":[{"width":2560,"height":1699,"url":"https:\/\/www.thenewdrive.be\/wp-content\/uploads\/2025\/09\/robin-van-holst-xRWkTZFoSiE-unsplash-scaled.jpg","type":"image\/jpeg"}],"twitter_card":"summary_large_image","twitter_misc":{"Est. reading time":"3 minutes"},"schema":{"@context":"https:\/\/schema.org","@graph":[{"@type":"WebPage","@id":"https:\/\/www.thenewdrive.be\/fr\/waarom-wij\/","url":"https:\/\/www.thenewdrive.be\/fr\/waarom-wij\/","name":"Pourquoi nous? - The New Drive","isPartOf":{"@id":"https:\/\/www.thenewdrive.be\/fr\/#website"},"primaryImageOfPage":{"@id":"https:\/\/www.thenewdrive.be\/fr\/waarom-wij\/#primaryimage"},"image":{"@id":"https:\/\/www.thenewdrive.be\/fr\/waarom-wij\/#primaryimage"},"thumbnailUrl":"https:\/\/www.thenewdrive.be\/wp-content\/uploads\/2025\/09\/robin-van-holst-xRWkTZFoSiE-unsplash-scaled.jpg","datePublished":"2021-03-03T20:24:24+00:00","dateModified":"2025-09-17T10:15:29+00:00","breadcrumb":{"@id":"https:\/\/www.thenewdrive.be\/fr\/waarom-wij\/#breadcrumb"},"inLanguage":"fr-FR","potentialAction":[{"@type":"ReadAction","target":["https:\/\/www.thenewdrive.be\/fr\/waarom-wij\/"]}]},{"@type":"ImageObject","inLanguage":"fr-FR","@id":"https:\/\/www.thenewdrive.be\/fr\/waarom-wij\/#primaryimage","url":"https:\/\/www.thenewdrive.be\/wp-content\/uploads\/2025\/09\/robin-van-holst-xRWkTZFoSiE-unsplash-scaled.jpg","contentUrl":"https:\/\/www.thenewdrive.be\/wp-content\/uploads\/2025\/09\/robin-van-holst-xRWkTZFoSiE-unsplash-scaled.jpg","width":2560,"height":1699},{"@type":"BreadcrumbList","@id":"https:\/\/www.thenewdrive.be\/fr\/waarom-wij\/#breadcrumb","itemListElement":[{"@type":"ListItem","position":1,"name":"Page d'accueil","item":"https:\/\/www.thenewdrive.be\/fr\/"},{"@type":"ListItem","position":2,"name":"Pourquoi nous?"}]},{"@type":"WebSite","@id":"https:\/\/www.thenewdrive.be\/fr\/#website","url":"https:\/\/www.thenewdrive.be\/fr\/","name":"The New Drive","description":"Samen Belgi\u00eb schoner maken","potentialAction":[{"@type":"SearchAction","target":{"@type":"EntryPoint","urlTemplate":"https:\/\/www.thenewdrive.be\/fr\/?s={search_term_string}"},"query-input":{"@type":"PropertyValueSpecification","valueRequired":true,"valueName":"search_term_string"}}],"inLanguage":"fr-FR"}]}},"_links":{"self":[{"href":"https:\/\/www.thenewdrive.be\/fr\/wp-json\/wp\/v2\/pages\/4622","targetHints":{"allow":["GET"]}}],"collection":[{"href":"https:\/\/www.thenewdrive.be\/fr\/wp-json\/wp\/v2\/pages"}],"about":[{"href":"https:\/\/www.thenewdrive.be\/fr\/wp-json\/wp\/v2\/types\/page"}],"author":[{"embeddable":true,"href":"https:\/\/www.thenewdrive.be\/fr\/wp-json\/wp\/v2\/users\/1"}],"replies":[{"embeddable":true,"href":"https:\/\/www.thenewdrive.be\/fr\/wp-json\/wp\/v2\/comments?post=4622"}],"version-history":[{"count":3,"href":"https:\/\/www.thenewdrive.be\/fr\/wp-json\/wp\/v2\/pages\/4622\/revisions"}],"predecessor-version":[{"id":22529,"href":"https:\/\/www.thenewdrive.be\/fr\/wp-json\/wp\/v2\/pages\/4622\/revisions\/22529"}],"wp:featuredmedia":[{"embeddable":true,"href":"https:\/\/www.thenewdrive.be\/fr\/wp-json\/wp\/v2\/media\/22520"}],"wp:attachment":[{"href":"https:\/\/www.thenewdrive.be\/fr\/wp-json\/wp\/v2\/media?parent=4622"}],"curies":[{"name":"wp","href":"https:\/\/api.w.org\/{rel}","templated":true}]}}