{"id":4014,"date":"2021-03-04T08:30:00","date_gmt":"2021-03-04T08:30:00","guid":{"rendered":"http:\/\/192.168.33.15:8902\/home\/"},"modified":"2025-09-17T16:07:03","modified_gmt":"2025-09-17T15:07:03","slug":"home","status":"publish","type":"page","link":"https:\/\/www.thenewdrive.be\/fr\/","title":{"rendered":"Home"},"content":{"rendered":"\n<p>Climat, environnement, mobilit\u00e9&nbsp;: les d\u00e9fis sont connus. L&rsquo;accessibilit\u00e9 physique, la mobilit\u00e9 verte et la transition \u00e9nerg\u00e9tique font partie des r\u00e9ponses. Voulez-vous prendre des mesures en ce sens&nbsp;? Vous allez alors rencontrer un \u00e9cosyst\u00e8me complexe de nouvelles solutions, technologies, partenaires et int\u00e9r\u00eats.<\/p>\n\n\n\n<!--more-->\n\n\n\n<div class=\"wp-block-columns borders equal-height is-layout-flex wp-container-core-columns-is-layout-9d6595d7 wp-block-columns-is-layout-flex\">\n<div class=\"wp-block-column is-layout-flow wp-block-column-is-layout-flow\">\n<h5 class=\"has-text-align-center wp-block-heading\">Pour<\/h5>\n\n\n\n<h2 class=\"has-text-align-center wp-block-heading\">Les pouvoirs publics<\/h2>\n\n\n<div class=\"wp-block-image icon\">\n<figure class=\"aligncenter size-large\"><img decoding=\"async\" src=\"https:\/\/www.thenewdrive.be\/wp-content\/uploads\/2021\/05\/036-wind-power.svg\" alt=\"\" class=\"wp-image-4320\" \/><\/figure>\n<\/div>\n\n\n<p class=\"has-text-align-center\">Vous voulez jouer un r\u00f4le de premier plan dans l&rsquo;accessibilit\u00e9, la mobilit\u00e9 verte et la transition \u00e9nerg\u00e9tique pour la soci\u00e9t\u00e9, vos collaborateurs et vos partenaires&nbsp;? Comptez sur nous pour compl\u00e9ter votre expertise et estimer ce qui est r\u00e9alisable, aujourd&rsquo;hui et demain.<\/p>\n\n\n\n<div class=\"wp-block-buttons is-horizontal is-content-justification-center is-layout-flex wp-container-core-buttons-is-layout-499968f5 wp-block-buttons-is-layout-flex\">\n<div class=\"wp-block-button\"><a class=\"wp-block-button__link wp-element-button\" href=\"https:\/\/www.thenewdrive.be\/fr\/fysieke-bereikbaarheid-groene-mobiliteit-en-energietransitie-voor-overheden\/\">D\u00e9couvrez notre offre<\/a><\/div>\n<\/div>\n<\/div>\n\n\n\n<div class=\"wp-block-column is-layout-flow wp-block-column-is-layout-flow\">\n<h5 class=\"has-text-align-center wp-block-heading\">Pour<\/h5>\n\n\n\n<h2 class=\"has-text-align-center wp-block-heading\">Entreprises<\/h2>\n\n\n<div class=\"wp-block-image icon is-style-default\">\n<figure class=\"aligncenter size-large\"><img decoding=\"async\" src=\"https:\/\/www.thenewdrive.be\/wp-content\/uploads\/2021\/05\/007-factory-1.svg\" alt=\"\" class=\"wp-image-4233\" \/><\/figure>\n<\/div>\n\n\n<p class=\"has-text-align-center\">Vous voulez am\u00e9liorer votre accessibilit\u00e9 physique&nbsp;? Rendre plus verte l&rsquo;offre de mobilit\u00e9 que vous proposez actuellement \u00e0 vos clients (potentiels) ou collaborateurs&nbsp;? Int\u00e9grer la mobilit\u00e9 ou l&rsquo;\u00e9nergie verte dans votre offre aux clients&nbsp;? Collaborer sur cette th\u00e9matique&nbsp;? Engagez-nous comme partenaire \u00e0 long terme, focalis\u00e9 totalement sur vos besoins.<\/p>\n\n\n\n<div class=\"wp-block-buttons is-horizontal is-content-justification-center is-layout-flex wp-container-core-buttons-is-layout-499968f5 wp-block-buttons-is-layout-flex\">\n<div class=\"wp-block-button\"><a class=\"wp-block-button__link wp-element-button\" href=\"https:\/\/www.thenewdrive.be\/fr\/voor-bedrijven\/\">D\u00e9couvrez notre offre<\/a><\/div>\n<\/div>\n<\/div>\n\n\n\n<div class=\"wp-block-column is-layout-flow wp-block-column-is-layout-flow\">\n<h5 class=\"has-text-align-center wp-block-heading\">Pour<\/h5>\n\n\n\n<h2 class=\"has-text-align-center wp-block-heading\">Les organisations de r\u00e9seau<\/h2>\n\n\n<div class=\"wp-block-image icon\">\n<figure class=\"aligncenter size-large\"><img decoding=\"async\" src=\"https:\/\/www.thenewdrive.be\/wp-content\/uploads\/2021\/05\/010-idea.svg\" alt=\"\" class=\"wp-image-4242\" \/><\/figure>\n<\/div>\n\n\n<p class=\"has-text-align-center\">Avez-vous besoin d&rsquo;une contribution pour votre politique ou votre prise de position&nbsp;? Pour l&rsquo;\u00e9laboration et la mise en \u0153uvre de projets, de plates-formes et de programmes&nbsp;? Vous recherchez des partenaires&nbsp;? Nous pouvons vous procurer des informations, des faits et des chiffres et une \u00e9quipe adapt\u00e9e \u00e0 vos besoins.<\/p>\n\n\n\n<div class=\"wp-block-buttons is-horizontal is-content-justification-center is-layout-flex wp-container-core-buttons-is-layout-499968f5 wp-block-buttons-is-layout-flex\">\n<div class=\"wp-block-button\"><a class=\"wp-block-button__link wp-element-button\" href=\"https:\/\/www.thenewdrive.be\/fr\/voor-netwerkorganisaties\/\">D\u00e9couvrez notre offre<\/a><\/div>\n<\/div>\n<\/div>\n<\/div>\n\n\n\n<p><\/p>\n","protected":false},"excerpt":{"rendered":"","protected":false},"author":1,"featured_media":3719,"parent":0,"menu_order":4,"comment_status":"closed","ping_status":"closed","template":"","meta":{"_exactmetrics_skip_tracking":false,"_exactmetrics_sitenote_active":false,"_exactmetrics_sitenote_note":"","_exactmetrics_sitenote_category":0,"footnotes":""},"class_list":["post-4014","page","type-page","status-publish","has-post-thumbnail","hentry"],"featured_image_src":"https:\/\/www.thenewdrive.be\/wp-content\/uploads\/2021\/02\/shutterstock_256788505-scaled.jpg","yoast_head":"<!-- This site is optimized with the Yoast SEO plugin v27.3 - https:\/\/yoast.com\/product\/yoast-seo-wordpress\/ -->\n<title>Home - The New Drive<\/title>\n<meta name=\"description\" content=\"Willen jullie inzetten op fysieke bereikbaarheid, groene mobiliteit en energietransitie en zoeken jullie je weg in alle oplossingen? Wij wijzen de weg.\" \/>\n<meta name=\"robots\" content=\"index, follow, max-snippet:-1, max-image-preview:large, max-video-preview:-1\" \/>\n<link rel=\"canonical\" href=\"https:\/\/www.thenewdrive.be\/fr\/\" \/>\n<meta property=\"og:locale\" content=\"fr_FR\" \/>\n<meta property=\"og:type\" content=\"article\" \/>\n<meta property=\"og:title\" content=\"Home - The New Drive\" \/>\n<meta property=\"og:description\" content=\"Willen jullie inzetten op fysieke bereikbaarheid, groene mobiliteit en energietransitie en zoeken jullie je weg in alle oplossingen? Wij wijzen de weg.\" \/>\n<meta property=\"og:url\" content=\"https:\/\/www.thenewdrive.be\/fr\/\" \/>\n<meta property=\"og:site_name\" content=\"The New Drive\" \/>\n<meta property=\"article:modified_time\" content=\"2025-09-17T15:07:03+00:00\" \/>\n<meta property=\"og:image\" content=\"https:\/\/www.thenewdrive.be\/wp-content\/uploads\/2021\/02\/shutterstock_256788505-scaled.jpg\" \/>\n\t<meta property=\"og:image:width\" content=\"2560\" \/>\n\t<meta property=\"og:image:height\" content=\"1707\" \/>\n\t<meta property=\"og:image:type\" content=\"image\/jpeg\" \/>\n<meta name=\"twitter:card\" content=\"summary_large_image\" \/>\n<meta name=\"twitter:label1\" content=\"Est. reading time\" \/>\n\t<meta name=\"twitter:data1\" content=\"2 minutes\" \/>\n<script type=\"application\/ld+json\" class=\"yoast-schema-graph\">{\"@context\":\"https:\\\/\\\/schema.org\",\"@graph\":[{\"@type\":\"WebPage\",\"@id\":\"https:\\\/\\\/www.thenewdrive.be\\\/fr\\\/\",\"url\":\"https:\\\/\\\/www.thenewdrive.be\\\/fr\\\/\",\"name\":\"Home - The New Drive\",\"isPartOf\":{\"@id\":\"https:\\\/\\\/www.thenewdrive.be\\\/fr\\\/#website\"},\"primaryImageOfPage\":{\"@id\":\"https:\\\/\\\/www.thenewdrive.be\\\/fr\\\/#primaryimage\"},\"image\":{\"@id\":\"https:\\\/\\\/www.thenewdrive.be\\\/fr\\\/#primaryimage\"},\"thumbnailUrl\":\"https:\\\/\\\/www.thenewdrive.be\\\/wp-content\\\/uploads\\\/2021\\\/02\\\/shutterstock_256788505-scaled.jpg\",\"datePublished\":\"2021-03-04T08:30:00+00:00\",\"dateModified\":\"2025-09-17T15:07:03+00:00\",\"description\":\"Willen jullie inzetten op fysieke bereikbaarheid, groene mobiliteit en energietransitie en zoeken jullie je weg in alle oplossingen? Wij wijzen de weg.\",\"breadcrumb\":{\"@id\":\"https:\\\/\\\/www.thenewdrive.be\\\/fr\\\/#breadcrumb\"},\"inLanguage\":\"fr-FR\",\"potentialAction\":[{\"@type\":\"ReadAction\",\"target\":[\"https:\\\/\\\/www.thenewdrive.be\\\/fr\\\/\"]}]},{\"@type\":\"ImageObject\",\"inLanguage\":\"fr-FR\",\"@id\":\"https:\\\/\\\/www.thenewdrive.be\\\/fr\\\/#primaryimage\",\"url\":\"https:\\\/\\\/www.thenewdrive.be\\\/wp-content\\\/uploads\\\/2021\\\/02\\\/shutterstock_256788505-scaled.jpg\",\"contentUrl\":\"https:\\\/\\\/www.thenewdrive.be\\\/wp-content\\\/uploads\\\/2021\\\/02\\\/shutterstock_256788505-scaled.jpg\",\"width\":2560,\"height\":1707},{\"@type\":\"BreadcrumbList\",\"@id\":\"https:\\\/\\\/www.thenewdrive.be\\\/fr\\\/#breadcrumb\",\"itemListElement\":[{\"@type\":\"ListItem\",\"position\":1,\"name\":\"Page d'accueil\",\"item\":\"https:\\\/\\\/www.thenewdrive.be\\\/fr\\\/\"},{\"@type\":\"ListItem\",\"position\":2,\"name\":\"Home\"}]},{\"@type\":\"WebSite\",\"@id\":\"https:\\\/\\\/www.thenewdrive.be\\\/fr\\\/#website\",\"url\":\"https:\\\/\\\/www.thenewdrive.be\\\/fr\\\/\",\"name\":\"The New Drive\",\"description\":\"Samen Belgi\u00eb schoner maken\",\"potentialAction\":[{\"@type\":\"SearchAction\",\"target\":{\"@type\":\"EntryPoint\",\"urlTemplate\":\"https:\\\/\\\/www.thenewdrive.be\\\/fr\\\/?s={search_term_string}\"},\"query-input\":{\"@type\":\"PropertyValueSpecification\",\"valueRequired\":true,\"valueName\":\"search_term_string\"}}],\"inLanguage\":\"fr-FR\"}]}<\/script>\n<!-- \/ Yoast SEO plugin. -->","yoast_head_json":{"title":"Home - The New Drive","description":"Willen jullie inzetten op fysieke bereikbaarheid, groene mobiliteit en energietransitie en zoeken jullie je weg in alle oplossingen? Wij wijzen de weg.","robots":{"index":"index","follow":"follow","max-snippet":"max-snippet:-1","max-image-preview":"max-image-preview:large","max-video-preview":"max-video-preview:-1"},"canonical":"https:\/\/www.thenewdrive.be\/fr\/","og_locale":"fr_FR","og_type":"article","og_title":"Home - The New Drive","og_description":"Willen jullie inzetten op fysieke bereikbaarheid, groene mobiliteit en energietransitie en zoeken jullie je weg in alle oplossingen? Wij wijzen de weg.","og_url":"https:\/\/www.thenewdrive.be\/fr\/","og_site_name":"The New Drive","article_modified_time":"2025-09-17T15:07:03+00:00","og_image":[{"width":2560,"height":1707,"url":"https:\/\/www.thenewdrive.be\/wp-content\/uploads\/2021\/02\/shutterstock_256788505-scaled.jpg","type":"image\/jpeg"}],"twitter_card":"summary_large_image","twitter_misc":{"Est. reading time":"2 minutes"},"schema":{"@context":"https:\/\/schema.org","@graph":[{"@type":"WebPage","@id":"https:\/\/www.thenewdrive.be\/fr\/","url":"https:\/\/www.thenewdrive.be\/fr\/","name":"Home - The New Drive","isPartOf":{"@id":"https:\/\/www.thenewdrive.be\/fr\/#website"},"primaryImageOfPage":{"@id":"https:\/\/www.thenewdrive.be\/fr\/#primaryimage"},"image":{"@id":"https:\/\/www.thenewdrive.be\/fr\/#primaryimage"},"thumbnailUrl":"https:\/\/www.thenewdrive.be\/wp-content\/uploads\/2021\/02\/shutterstock_256788505-scaled.jpg","datePublished":"2021-03-04T08:30:00+00:00","dateModified":"2025-09-17T15:07:03+00:00","description":"Willen jullie inzetten op fysieke bereikbaarheid, groene mobiliteit en energietransitie en zoeken jullie je weg in alle oplossingen? Wij wijzen de weg.","breadcrumb":{"@id":"https:\/\/www.thenewdrive.be\/fr\/#breadcrumb"},"inLanguage":"fr-FR","potentialAction":[{"@type":"ReadAction","target":["https:\/\/www.thenewdrive.be\/fr\/"]}]},{"@type":"ImageObject","inLanguage":"fr-FR","@id":"https:\/\/www.thenewdrive.be\/fr\/#primaryimage","url":"https:\/\/www.thenewdrive.be\/wp-content\/uploads\/2021\/02\/shutterstock_256788505-scaled.jpg","contentUrl":"https:\/\/www.thenewdrive.be\/wp-content\/uploads\/2021\/02\/shutterstock_256788505-scaled.jpg","width":2560,"height":1707},{"@type":"BreadcrumbList","@id":"https:\/\/www.thenewdrive.be\/fr\/#breadcrumb","itemListElement":[{"@type":"ListItem","position":1,"name":"Page d'accueil","item":"https:\/\/www.thenewdrive.be\/fr\/"},{"@type":"ListItem","position":2,"name":"Home"}]},{"@type":"WebSite","@id":"https:\/\/www.thenewdrive.be\/fr\/#website","url":"https:\/\/www.thenewdrive.be\/fr\/","name":"The New Drive","description":"Samen Belgi\u00eb schoner maken","potentialAction":[{"@type":"SearchAction","target":{"@type":"EntryPoint","urlTemplate":"https:\/\/www.thenewdrive.be\/fr\/?s={search_term_string}"},"query-input":{"@type":"PropertyValueSpecification","valueRequired":true,"valueName":"search_term_string"}}],"inLanguage":"fr-FR"}]}},"_links":{"self":[{"href":"https:\/\/www.thenewdrive.be\/fr\/wp-json\/wp\/v2\/pages\/4014","targetHints":{"allow":["GET"]}}],"collection":[{"href":"https:\/\/www.thenewdrive.be\/fr\/wp-json\/wp\/v2\/pages"}],"about":[{"href":"https:\/\/www.thenewdrive.be\/fr\/wp-json\/wp\/v2\/types\/page"}],"author":[{"embeddable":true,"href":"https:\/\/www.thenewdrive.be\/fr\/wp-json\/wp\/v2\/users\/1"}],"replies":[{"embeddable":true,"href":"https:\/\/www.thenewdrive.be\/fr\/wp-json\/wp\/v2\/comments?post=4014"}],"version-history":[{"count":4,"href":"https:\/\/www.thenewdrive.be\/fr\/wp-json\/wp\/v2\/pages\/4014\/revisions"}],"predecessor-version":[{"id":22610,"href":"https:\/\/www.thenewdrive.be\/fr\/wp-json\/wp\/v2\/pages\/4014\/revisions\/22610"}],"wp:featuredmedia":[{"embeddable":true,"href":"https:\/\/www.thenewdrive.be\/fr\/wp-json\/wp\/v2\/media\/3719"}],"wp:attachment":[{"href":"https:\/\/www.thenewdrive.be\/fr\/wp-json\/wp\/v2\/media?parent=4014"}],"curies":[{"name":"wp","href":"https:\/\/api.w.org\/{rel}","templated":true}]}}